{"id":28,"date":"2025-12-29T04:31:34","date_gmt":"2025-12-29T03:31:34","guid":{"rendered":"https:\/\/axeloscar.com\/?page_id=28"},"modified":"2025-12-29T11:02:50","modified_gmt":"2025-12-29T10:02:50","slug":"contact","status":"publish","type":"page","link":"https:\/\/axeloscar.com\/index.php\/contact\/","title":{"rendered":"Contact"},"content":{"rendered":"\n<p class=\"has-background\" style=\"background-color:#f1f1f1\">T\u00e9l\u00e9com Paris &#8211; Institut Polytechnique de Paris<br>Departement <strong>INFRES<\/strong> (Informatique et R\u00e9seaux)<br>Team <strong>ACES<\/strong> (Autonomous and Critical Embedded Systems)<\/p>\n\n\n\n<p class=\"has-background\" style=\"background-color:#f1f1f1\"><strong>Address:<\/strong><br>19 Place Marguerite Perey, 91120 Palaiseau, France<br>Room &#8211; 4D01<\/p>\n\n\n\n<p class=\"has-background\" style=\"background-color:#f1f1f1\"><strong>Email:<\/strong><br>&#8211; axel (dot) oscar (at) telecom-paris (dot) fr<br>&#8211; contact (at) axeloscar (dot) com<\/p>\n","protected":false},"excerpt":{"rendered":"<p>T\u00e9l\u00e9com Paris &#8211; Institut Polytechnique de ParisDepartement INFRES (Informatique et R\u00e9seaux)Team ACES (Autonomous and Critical Embedded Systems) Address:19 Place Marguerite Perey, 91120 Palaiseau, FranceRoom &#8211; 4D01 Email:&#8211; axel (dot) oscar (at) telecom-paris (dot) fr&#8211; contact (at) axeloscar (dot) com<\/p>\n","protected":false},"author":1,"featured_media":0,"parent":0,"menu_order":0,"comment_status":"closed","ping_status":"closed","template":"","meta":{"footnotes":""},"class_list":["post-28","page","type-page","status-publish","hentry"],"_links":{"self":[{"href":"https:\/\/axeloscar.com\/index.php\/wp-json\/wp\/v2\/pages\/28","targetHints":{"allow":["GET"]}}],"collection":[{"href":"https:\/\/axeloscar.com\/index.php\/wp-json\/wp\/v2\/pages"}],"about":[{"href":"https:\/\/axeloscar.com\/index.php\/wp-json\/wp\/v2\/types\/page"}],"author":[{"embeddable":true,"href":"https:\/\/axeloscar.com\/index.php\/wp-json\/wp\/v2\/users\/1"}],"replies":[{"embeddable":true,"href":"https:\/\/axeloscar.com\/index.php\/wp-json\/wp\/v2\/comments?post=28"}],"version-history":[{"count":2,"href":"https:\/\/axeloscar.com\/index.php\/wp-json\/wp\/v2\/pages\/28\/revisions"}],"predecessor-version":[{"id":138,"href":"https:\/\/axeloscar.com\/index.php\/wp-json\/wp\/v2\/pages\/28\/revisions\/138"}],"wp:attachment":[{"href":"https:\/\/axeloscar.com\/index.php\/wp-json\/wp\/v2\/media?parent=28"}],"curies":[{"name":"wp","href":"https:\/\/api.w.org\/{rel}","templated":true}]}}